{"id":24,"date":"2024-05-06T08:57:34","date_gmt":"2024-05-06T06:57:34","guid":{"rendered":"http:\/\/hunmech.hu\/en\/?page_id=24"},"modified":"2024-12-03T15:51:54","modified_gmt":"2024-12-03T14:51:54","slug":"imprint","status":"publish","type":"page","link":"https:\/\/hunmech.hu\/en\/imprint\/","title":{"rendered":"Imprint"},"content":{"rendered":"<p>Company Name: HunMecH G\u00e9pgy\u00e1rt\u00f3 \u00e9s Tervez\u0151 Kft.<\/p>\n<p>Address: 9721 Gencsap\u00e1ti, Ipar \u00fat 3\/A<\/p>\n<p>Phone: 36 30 323 4894<\/p>\n<p>E-mail: info@hunmech.hu<\/p>\n<p>Internet: www.hunmech.hu<\/p>\n<p>Registering Authority: Registry Court of the Tribunal of Szombathely<\/p>\n<p>Registration number: 18-09-106777<\/p>\n<p>VAT number: 13723770-2-18<\/p>\n<p>Represented by Zsolt B\u00e1lint managing director, P\u00e9ter N\u00e9met managing director<\/p>\n<p>Chamber: Chamber of Commerce and Industry of Vas County (VMKIK)<\/p>\n<p>Hosting Service Provider: RackForest Zrt. (1132 Budapest, Victor Hugo utca 11. 5. em B05001 a., info@rackforest.hu)<\/p>\n","protected":false},"excerpt":{"rendered":"<p>Company Name: HunMecH G\u00e9pgy\u00e1rt\u00f3 \u00e9s Tervez\u0151 Kft. Address: 9721 Gencsap\u00e1ti, Ipar \u00fat 3\/A Phone: 36 30 323 4894 E-mail: info@hunmech.hu Internet: www.hunmech.hu Registering Authority: Registry Court of the Tribunal of Szombathely Registration number: 18-09-106777 VAT number: 13723770-2-18 Represented by Zsolt B\u00e1lint managing director, P\u00e9ter N\u00e9met managing director Chamber: Chamber of Commerce and Industry of Vas [&hellip;]<\/p>\n","protected":false},"author":1,"featured_media":0,"parent":0,"menu_order":0,"comment_status":"closed","ping_status":"closed","template":"","meta":{"_acf_changed":false,"footnotes":""},"class_list":["post-24","page","type-page","status-publish","hentry"],"acf":[],"yoast_head":"<!-- This site is optimized with the Yoast SEO plugin v26.8 - https:\/\/yoast.com\/product\/yoast-seo-wordpress\/ -->\n<title>Imprint - HunMecH<\/title>\n<meta name=\"robots\" content=\"index, follow, max-snippet:-1, max-image-preview:large, max-video-preview:-1\" \/>\n<link rel=\"canonical\" href=\"https:\/\/hunmech.hu\/en\/imprint\/\" \/>\n<meta property=\"og:locale\" content=\"en_US\" \/>\n<meta property=\"og:type\" content=\"article\" \/>\n<meta property=\"og:title\" content=\"Imprint - HunMecH\" \/>\n<meta property=\"og:description\" content=\"Company Name: HunMecH G\u00e9pgy\u00e1rt\u00f3 \u00e9s Tervez\u0151 Kft. Address: 9721 Gencsap\u00e1ti, Ipar \u00fat 3\/A Phone: 36 30 323 4894 E-mail: info@hunmech.hu Internet: www.hunmech.hu Registering Authority: Registry Court of the Tribunal of Szombathely Registration number: 18-09-106777 VAT number: 13723770-2-18 Represented by Zsolt B\u00e1lint managing director, P\u00e9ter N\u00e9met managing director Chamber: Chamber of Commerce and Industry of Vas [&hellip;]\" \/>\n<meta property=\"og:url\" content=\"https:\/\/hunmech.hu\/en\/imprint\/\" \/>\n<meta property=\"og:site_name\" content=\"HunMecH\" \/>\n<meta property=\"article:modified_time\" content=\"2024-12-03T14:51:54+00:00\" \/>\n<meta name=\"twitter:card\" content=\"summary_large_image\" \/>\n<meta name=\"twitter:label1\" content=\"Est. reading time\" \/>\n\t<meta name=\"twitter:data1\" content=\"1 minute\" \/>\n<script type=\"application\/ld+json\" class=\"yoast-schema-graph\">{\"@context\":\"https:\/\/schema.org\",\"@graph\":[{\"@type\":\"WebPage\",\"@id\":\"https:\/\/hunmech.hu\/en\/imprint\/\",\"url\":\"https:\/\/hunmech.hu\/en\/imprint\/\",\"name\":\"Imprint - HunMecH\",\"isPartOf\":{\"@id\":\"https:\/\/hunmech.hu\/en\/#website\"},\"datePublished\":\"2024-05-06T06:57:34+00:00\",\"dateModified\":\"2024-12-03T14:51:54+00:00\",\"breadcrumb\":{\"@id\":\"https:\/\/hunmech.hu\/en\/imprint\/#breadcrumb\"},\"inLanguage\":\"en-US\",\"potentialAction\":[{\"@type\":\"ReadAction\",\"target\":[\"https:\/\/hunmech.hu\/en\/imprint\/\"]}]},{\"@type\":\"BreadcrumbList\",\"@id\":\"https:\/\/hunmech.hu\/en\/imprint\/#breadcrumb\",\"itemListElement\":[{\"@type\":\"ListItem\",\"position\":1,\"name\":\"Home\",\"item\":\"https:\/\/hunmech.hu\/en\/\"},{\"@type\":\"ListItem\",\"position\":2,\"name\":\"Imprint\"}]},{\"@type\":\"WebSite\",\"@id\":\"https:\/\/hunmech.hu\/en\/#website\",\"url\":\"https:\/\/hunmech.hu\/en\/\",\"name\":\"HunMecH\",\"description\":\"\",\"potentialAction\":[{\"@type\":\"SearchAction\",\"target\":{\"@type\":\"EntryPoint\",\"urlTemplate\":\"https:\/\/hunmech.hu\/en\/?s={search_term_string}\"},\"query-input\":{\"@type\":\"PropertyValueSpecification\",\"valueRequired\":true,\"valueName\":\"search_term_string\"}}],\"inLanguage\":\"en-US\"}]}<\/script>\n<!-- \/ Yoast SEO plugin. -->","yoast_head_json":{"title":"Imprint - HunMecH","robots":{"index":"index","follow":"follow","max-snippet":"max-snippet:-1","max-image-preview":"max-image-preview:large","max-video-preview":"max-video-preview:-1"},"canonical":"https:\/\/hunmech.hu\/en\/imprint\/","og_locale":"en_US","og_type":"article","og_title":"Imprint - HunMecH","og_description":"Company Name: HunMecH G\u00e9pgy\u00e1rt\u00f3 \u00e9s Tervez\u0151 Kft. Address: 9721 Gencsap\u00e1ti, Ipar \u00fat 3\/A Phone: 36 30 323 4894 E-mail: info@hunmech.hu Internet: www.hunmech.hu Registering Authority: Registry Court of the Tribunal of Szombathely Registration number: 18-09-106777 VAT number: 13723770-2-18 Represented by Zsolt B\u00e1lint managing director, P\u00e9ter N\u00e9met managing director Chamber: Chamber of Commerce and Industry of Vas [&hellip;]","og_url":"https:\/\/hunmech.hu\/en\/imprint\/","og_site_name":"HunMecH","article_modified_time":"2024-12-03T14:51:54+00:00","twitter_card":"summary_large_image","twitter_misc":{"Est. reading time":"1 minute"},"schema":{"@context":"https:\/\/schema.org","@graph":[{"@type":"WebPage","@id":"https:\/\/hunmech.hu\/en\/imprint\/","url":"https:\/\/hunmech.hu\/en\/imprint\/","name":"Imprint - HunMecH","isPartOf":{"@id":"https:\/\/hunmech.hu\/en\/#website"},"datePublished":"2024-05-06T06:57:34+00:00","dateModified":"2024-12-03T14:51:54+00:00","breadcrumb":{"@id":"https:\/\/hunmech.hu\/en\/imprint\/#breadcrumb"},"inLanguage":"en-US","potentialAction":[{"@type":"ReadAction","target":["https:\/\/hunmech.hu\/en\/imprint\/"]}]},{"@type":"BreadcrumbList","@id":"https:\/\/hunmech.hu\/en\/imprint\/#breadcrumb","itemListElement":[{"@type":"ListItem","position":1,"name":"Home","item":"https:\/\/hunmech.hu\/en\/"},{"@type":"ListItem","position":2,"name":"Imprint"}]},{"@type":"WebSite","@id":"https:\/\/hunmech.hu\/en\/#website","url":"https:\/\/hunmech.hu\/en\/","name":"HunMecH","description":"","potentialAction":[{"@type":"SearchAction","target":{"@type":"EntryPoint","urlTemplate":"https:\/\/hunmech.hu\/en\/?s={search_term_string}"},"query-input":{"@type":"PropertyValueSpecification","valueRequired":true,"valueName":"search_term_string"}}],"inLanguage":"en-US"}]}},"_links":{"self":[{"href":"https:\/\/hunmech.hu\/en\/wp-json\/wp\/v2\/pages\/24","targetHints":{"allow":["GET"]}}],"collection":[{"href":"https:\/\/hunmech.hu\/en\/wp-json\/wp\/v2\/pages"}],"about":[{"href":"https:\/\/hunmech.hu\/en\/wp-json\/wp\/v2\/types\/page"}],"author":[{"embeddable":true,"href":"https:\/\/hunmech.hu\/en\/wp-json\/wp\/v2\/users\/1"}],"replies":[{"embeddable":true,"href":"https:\/\/hunmech.hu\/en\/wp-json\/wp\/v2\/comments?post=24"}],"version-history":[{"count":3,"href":"https:\/\/hunmech.hu\/en\/wp-json\/wp\/v2\/pages\/24\/revisions"}],"predecessor-version":[{"id":124,"href":"https:\/\/hunmech.hu\/en\/wp-json\/wp\/v2\/pages\/24\/revisions\/124"}],"wp:attachment":[{"href":"https:\/\/hunmech.hu\/en\/wp-json\/wp\/v2\/media?parent=24"}],"curies":[{"name":"wp","href":"https:\/\/api.w.org\/{rel}","templated":true}]}}